{"id":11,"date":"2014-05-08T08:32:49","date_gmt":"2014-05-08T08:32:49","guid":{"rendered":"http:\/\/inspirythemesdemo.com\/medicalpress\/?page_id=11"},"modified":"2025-11-26T17:04:36","modified_gmt":"2025-11-26T16:04:36","slug":"home","status":"publish","type":"page","link":"https:\/\/dociq.health\/en\/","title":{"rendered":"Home"},"content":{"rendered":"<div data-elementor-type=\"wp-page\" data-elementor-id=\"11\" class=\"elementor elementor-11\" data-elementor-post-type=\"page\">\n\t\t\t\t\t\t<section class=\"elementor-section elementor-top-section elementor-element elementor-element-7f55e1b elementor-section-boxed elementor-section-height-default elementor-section-height-default\" data-id=\"7f55e1b\" data-element_type=\"section\" data-e-type=\"section\" data-settings=\"{&quot;background_background&quot;:&quot;classic&quot;}\">\n\t\t\t\t\t\t<div class=\"elementor-container elementor-column-gap-default\">\n\t\t\t\t\t<div class=\"elementor-column elementor-col-33 elementor-top-column elementor-element elementor-element-de84792\" data-id=\"de84792\" data-element_type=\"column\" data-e-type=\"column\">\n\t\t\t<div class=\"elementor-widget-wrap elementor-element-populated\">\n\t\t\t\t\t\t<div class=\"elementor-element elementor-element-3b4adc4 elementor-widget elementor-widget-mpea-home-section-header-widget\" data-id=\"3b4adc4\" data-element_type=\"widget\" data-e-type=\"widget\" data-widget_type=\"mpea-home-section-header-widget.default\">\n\t\t\t\t<div class=\"elementor-widget-container\">\n\t\t\t\t\t\t<div class=\"mpea-section-header\">\n\t\t\t<h2 class=\"translation-block\"><span>Medical Services<\/span> at a Glance<\/h2><p>A quick overview of the main services offered to support your health with clarity and precision.<\/p>\t<\/div>\n\t\t\t\t\t<\/div>\n\t\t\t\t<\/div>\n\t\t\t\t<div class=\"elementor-element elementor-element-944a66d elementor-widget elementor-widget-button\" data-id=\"944a66d\" data-element_type=\"widget\" data-e-type=\"widget\" data-widget_type=\"button.default\">\n\t\t\t\t<div class=\"elementor-widget-container\">\n\t\t\t\t\t\t\t\t\t<div class=\"elementor-button-wrapper\">\n\t\t\t\t\t<a class=\"elementor-button elementor-button-link elementor-size-sm\" href=\"https:\/\/dociq.health\/en\/services\/\">\n\t\t\t\t\t\t<span class=\"elementor-button-content-wrapper\">\n\t\t\t\t\t\t\t\t\t<span class=\"elementor-button-text\">View our services<\/span>\n\t\t\t\t\t<\/span>\n\t\t\t\t\t<\/a>\n\t\t\t\t<\/div>\n\t\t\t\t\t\t\t\t<\/div>\n\t\t\t\t<\/div>\n\t\t\t\t\t<\/div>\n\t\t<\/div>\n\t\t\t\t<div class=\"elementor-column elementor-col-66 elementor-top-column elementor-element elementor-element-c0467ec\" data-id=\"c0467ec\" data-element_type=\"column\" data-e-type=\"column\">\n\t\t\t<div class=\"elementor-widget-wrap elementor-element-populated\">\n\t\t\t\t\t\t<div class=\"elementor-element elementor-element-8250256 elementor-widget elementor-widget-mpea-home-features-widget\" data-id=\"8250256\" data-element_type=\"widget\" data-e-type=\"widget\" data-widget_type=\"mpea-home-features-widget.default\">\n\t\t\t\t<div class=\"elementor-widget-container\">\n\t\t\t\t\t\t\t<div class=\"mpea-home-features clearfix two-col\">\n\t\t\t\t\t\t\t\t\t<div class=\"single-feature\">\n\t\t\t\t\t\t\t<div class=\"thumb-wrapper\">\n\t\t\t\t\t\t\t\t\t\t\t\t\t\t\t\t\t\t<i class=\"fa fa-plus-square\"><\/i>\n\t\t\t\t\t\t\t\t\t\t\t\t\t\t\t\t\t<\/div>\n\t\t\t\t\t\t\t<div class=\"feature-detail\">\n\t\t\t\t\t\t\t\t<h3>\n\t\t\t\t\t\t\t\t\t<a href=\"\">Medical Consultations<\/a>\t\t\t\t\t\t\t\t<\/h3>\n\t\t\t\t\t\t\t\t<p>Diagnosis, guidance and personalised medical support for every patient.<\/p>\n\t\t\t\t\t\t\t<\/div>\n\t\t\t\t\t\t<\/div>\n\t\t\t\t\t\t\t\t\t\t\t\t<div class=\"single-feature\">\n\t\t\t\t\t\t\t<div class=\"thumb-wrapper\">\n\t\t\t\t\t\t\t\t\t\t\t\t\t\t\t\t\t\t<i class=\"fa fa-medkit\"><\/i>\n\t\t\t\t\t\t\t\t\t\t\t\t\t\t\t\t\t<\/div>\n\t\t\t\t\t\t\t<div class=\"feature-detail\">\n\t\t\t\t\t\t\t\t<h3>\n\t\t\t\t\t\t\t\t\t<a href=\"\">Preventive Check-ups<\/a>\t\t\t\t\t\t\t\t<\/h3>\n\t\t\t\t\t\t\t\t<p>Complete preventive evaluations adapted to each age group and need.<\/p>\n\t\t\t\t\t\t\t<\/div>\n\t\t\t\t\t\t<\/div>\n\t\t\t\t\t\t\t\t\t\t\t\t<div class=\"single-feature\">\n\t\t\t\t\t\t\t<div class=\"thumb-wrapper\">\n\t\t\t\t\t\t\t\t\t\t\t\t\t\t\t\t\t\t<i class=\"fa fa-user-md\"><\/i>\n\t\t\t\t\t\t\t\t\t\t\t\t\t\t\t\t\t<\/div>\n\t\t\t\t\t\t\t<div class=\"feature-detail\">\n\t\t\t\t\t\t\t\t<h3>\n\t\t\t\t\t\t\t\t\t<a href=\"\">Second Medical Opinion<\/a>\t\t\t\t\t\t\t\t<\/h3>\n\t\t\t\t\t\t\t\t<p>Independent, expert assessment to help you make informed decisions.<\/p>\n\t\t\t\t\t\t\t<\/div>\n\t\t\t\t\t\t<\/div>\n\t\t\t\t\t\t\t\t\t\t\t\t<div class=\"single-feature\">\n\t\t\t\t\t\t\t<div class=\"thumb-wrapper\">\n\t\t\t\t\t\t\t\t\t\t\t\t\t\t\t\t\t\t<i class=\"fa fa-address-card\"><\/i>\n\t\t\t\t\t\t\t\t\t\t\t\t\t\t\t\t\t<\/div>\n\t\t\t\t\t\t\t<div class=\"feature-detail\">\n\t\t\t\t\t\t\t\t<h3>\n\t\t\t\t\t\t\t\t\t<a href=\"\">Chronic Condition Follow-up<\/a>\t\t\t\t\t\t\t\t<\/h3>\n\t\t\t\t\t\t\t\t<p>Structured monitoring and long-term support for chronic illnesses.<\/p>\n\t\t\t\t\t\t\t<\/div>\n\t\t\t\t\t\t<\/div>\n\t\t\t\t\t\t\t\t<\/div>\n\t\t\t\t\t\t<\/div>\n\t\t\t\t<\/div>\n\t\t\t\t\t<\/div>\n\t\t<\/div>\n\t\t\t\t\t<\/div>\n\t\t<\/section>\n\t\t\t\t<section class=\"elementor-section elementor-top-section elementor-element elementor-element-ee4ea21 elementor-section-boxed elementor-section-height-default elementor-section-height-default\" data-id=\"ee4ea21\" data-element_type=\"section\" data-e-type=\"section\">\n\t\t\t\t\t\t<div class=\"elementor-container elementor-column-gap-default\">\n\t\t\t\t\t<div class=\"elementor-column elementor-col-100 elementor-top-column elementor-element elementor-element-2e97e04\" data-id=\"2e97e04\" data-element_type=\"column\" data-e-type=\"column\">\n\t\t\t<div class=\"elementor-widget-wrap elementor-element-populated\">\n\t\t\t\t\t\t<div class=\"elementor-element elementor-element-0629bb8 elementor-widget elementor-widget-mpea-home-section-header-widget\" data-id=\"0629bb8\" data-element_type=\"widget\" data-e-type=\"widget\" data-widget_type=\"mpea-home-section-header-widget.default\">\n\t\t\t\t<div class=\"elementor-widget-container\">\n\t\t\t\t\t\t<div class=\"mpea-section-header\">\n\t\t\t<h2>Meet Your <span>Doctor<\/span><\/h2><p>Dr Athanasios Kroustalis provides medical care based on clinical accuracy, clear communication and a personalised approach.\nHis focus is to offer reliable, accessible healthcare tailored to each patient\u2019s needs.<\/p>\t<\/div>\n\t\t\t\t\t<\/div>\n\t\t\t\t<\/div>\n\t\t\t\t<div class=\"elementor-element elementor-element-1a61a2a elementor-widget elementor-widget-mpea-home-doctors-widget\" data-id=\"1a61a2a\" data-element_type=\"widget\" data-e-type=\"widget\" data-widget_type=\"mpea-home-doctors-widget.default\">\n\t\t\t\t<div class=\"elementor-widget-container\">\n\t\t\t\t\t\t\t\t<div class=\"mpea-home-doctors  single-col clearfix\">\n\t\t\t\t\t\t\t\t\t<div class=\"single-doctor\">\n\t\t\t\t\t\t<div class=\"common-doctor clearfix\">\n\t\t\t\t\t\t\t            <figure>\n                <a href=\"https:\/\/dociq.health\/en\/doctor\/dr-athanasios-kroustalis\/\" title=\"Dr Athanasios Kroustalis\">\n\t\t\t\t\t<img fetchpriority=\"high\" decoding=\"async\" width=\"670\" height=\"500\" src=\"https:\/\/dociq.health\/wp-content\/uploads\/2025\/10\/krou-4-670x500.jpg\" class=\"attachment-gallery-post-single size-gallery-post-single wp-post-image\" alt=\"\" \/>                <\/a>\n            <\/figure>\n\t\t\t\t\t\t\t\t\t\t<div class=\"text-content\">\n\t\t\t\t\t\t\t\t<h5><a href=\"https:\/\/dociq.health\/en\/doctor\/dr-athanasios-kroustalis\/\">Dr Athanasios Kroustalis<\/a><\/h5>\n\t\t\t\t\t\t\t\t<div class=\"for-border\" aria-hidden=\"true\"><i class=\"fa fa-plus\"><\/i><\/div>\t\t\t\t\t\t\t\t<p>\n\t\t\t\t\t\t\t\t\tInternal medicine doctor in Morhet, Dr Athanasios Kroustalis provides personalized care, emergency treatment, and follow-up for chronic diseases.\t\t\t\t\t\t\t\t<\/p>\n\t\t\t\t\t\t\t<\/div>\n\t\t\t\t\t\t<\/div>\n\t\t\t\t\t\t<a class=\"read-more\"\n\t\t\t\t\t\t\t     href=\"https:\/\/dociq.health\/en\/doctor\/dr-athanasios-kroustalis\/\">Read More<\/a>\t\t\t\t\t<\/div>\n\t\t\t\t\t\t\t\t<\/div>\n\t\t\t\t\t\t\t<\/div>\n\t\t\t\t<\/div>\n\t\t\t\t\t<\/div>\n\t\t<\/div>\n\t\t\t\t\t<\/div>\n\t\t<\/section>\n\t\t\t\t<section class=\"elementor-section elementor-top-section elementor-element elementor-element-be9ab52 elementor-section-boxed elementor-section-height-default elementor-section-height-default\" data-id=\"be9ab52\" data-element_type=\"section\" data-e-type=\"section\" data-settings=\"{&quot;background_background&quot;:&quot;classic&quot;}\">\n\t\t\t\t\t\t<div class=\"elementor-container elementor-column-gap-default\">\n\t\t\t\t\t<div class=\"elementor-column elementor-col-100 elementor-top-column elementor-element elementor-element-f19a529\" data-id=\"f19a529\" data-element_type=\"column\" data-e-type=\"column\">\n\t\t\t<div class=\"elementor-widget-wrap elementor-element-populated\">\n\t\t\t\t\t\t<div class=\"elementor-element elementor-element-5f05f02 elementor-widget elementor-widget-mpea-home-section-header-widget\" data-id=\"5f05f02\" data-element_type=\"widget\" data-e-type=\"widget\" data-widget_type=\"mpea-home-section-header-widget.default\">\n\t\t\t\t<div class=\"elementor-widget-container\">\n\t\t\t\t\t\t<div class=\"mpea-section-header\">\n\t\t\t<h2 class=\"translation-block\">Latest <span>Medical Insights<\/span><\/h2><p>Clear and reliable articles designed to help you understand key health topics, make informed decisions and stay updated on essential medical information.<\/p>\t<\/div>\n\t\t\t\t\t<\/div>\n\t\t\t\t<\/div>\n\t\t\t\t<div class=\"elementor-element elementor-element-89d7972 elementor-widget elementor-widget-mpea-home-blog-widget\" data-id=\"89d7972\" data-element_type=\"widget\" data-e-type=\"widget\" data-widget_type=\"mpea-home-blog-widget.default\">\n\t\t\t\t<div class=\"elementor-widget-container\">\n\t\t\t\t\t\t<div class=\"mpea-home-blog text-center default three-col clearfix\">\n\t\t\t\t\t\t\t<div class=\"single-post\">\n\t\t\t\t\t\t<article class=\"common-blog-post hentry clearfix\">\n\t\t\t\t\t\t\t<div class=\"thumbnail-area\">\n\t\t\t\t\t\t\t\t\t\t\t<figure>\n\t\t\t\t<a href=\"https:\/\/dociq.health\/en\/engourdissement-des-mains-causes-diagnostic-et-quand-consulter\/\" title=\"Numbness in the hands: causes, diagnosis and when to seek medical advice\">\n\t\t\t\t\t<img decoding=\"async\" width=\"732\" height=\"447\" src=\"https:\/\/dociq.health\/wp-content\/uploads\/2026\/01\/Numbness-in-the-hands-732x447.jpg\" class=\"attachment-blog-post-thumb size-blog-post-thumb wp-post-image\" alt=\"\" srcset=\"https:\/\/dociq.health\/wp-content\/uploads\/2026\/01\/Numbness-in-the-hands-732x447.jpg 732w, https:\/\/dociq.health\/wp-content\/uploads\/2026\/01\/Numbness-in-the-hands-18x12.jpg 18w, https:\/\/dociq.health\/wp-content\/uploads\/2026\/01\/Numbness-in-the-hands-848x518.jpg 848w, https:\/\/dociq.health\/wp-content\/uploads\/2026\/01\/Numbness-in-the-hands-111x69.jpg 111w\" sizes=\"(max-width: 732px) 100vw, 732px\" \/>\t\t\t\t<\/a>\n\t\t\t<\/figure>\n\t\t\t\t\t\t\t\t\t\t<\/div>\n\t\t\t\t\t\t\t<div class=\"text-content clearfix\">\n\t\t\t\t\t\t\t\t<h5 class=\"entry-title\"><a href=\"https:\/\/dociq.health\/en\/engourdissement-des-mains-causes-diagnostic-et-quand-consulter\/\"\n\t\t\t\t\t\t\t\t                           rel=\"bookmark\">Numbness in the hands: causes, diagnosis and when to seek medical advice<\/a><\/h5>\n\t\t\t\t\t\t\t\t\t\t\t\t\t\t\t\t\t<div class=\"entry-meta\">\n\t\t\t\t\t\t\t\t\t\t<time class=\"published updated\"\n\t\t\t\t\t\t\t\t\t\t      datetime=\"2026-01-20T18:16:48+01:00\">20 January, 2026<\/time>\n\t\t\t\t\t\t\t\t\t\t,\n\t\t\t\t\t                    <span class=\"entry-author vcard\">\n\t\t\t\t\t                        by\t\t\t\t\t                        <a class=\"url fn\" href=\"https:\/\/dociq.health\/en\/author\/drkrou\/\" title=\"View all posts by Dr Athanasios Kroustalis\" rel=\"author\">Dr Athanasios Kroustalis<\/a>\t\t\t\t\t                    <\/span>\n\t\t\t\t\t\t\t\t\t<\/div>\n\t\t\t\t\t\t\t\t\t<div class=\"for-border\"><i class=\"fa fa-plus\" aria-hidden=\"true\"><\/i><\/div>\t\t\t\t\t\t\t\t<p class=\"blog-detail\">L\u2019engourdissement des mains est un sympt\u00f4me neurologique fr\u00e9quent, d\u00e9crit comme des picotements, une sensation de br\u00fblure ou une diminution de la sensibilit\u00e9 touchant les doigts&hellip; <\/p>\n\t\t\t\t\t\t\t<\/div>\n\t\t\t\t\t\t<\/article>\n\t\t\t\t\t\t<a class=\"read-more\"\n\t\t\t\t\t\t\t     href=\"https:\/\/dociq.health\/en\/engourdissement-des-mains-causes-diagnostic-et-quand-consulter\/\">Read More<\/a>\t\t\t\t\t<\/div>\n\t\t\t\t\t\t\t\t\t\t<div class=\"single-post\">\n\t\t\t\t\t\t<article class=\"common-blog-post hentry clearfix\">\n\t\t\t\t\t\t\t<div class=\"thumbnail-area\">\n\t\t\t\t\t\t\t\t\t\t\t<figure>\n\t\t\t\t<a href=\"https:\/\/dociq.health\/en\/hiver-et-grippe\/\" title=\"Winter and flu\">\n\t\t\t\t\t<img decoding=\"async\" width=\"732\" height=\"447\" src=\"https:\/\/dociq.health\/wp-content\/uploads\/2026\/01\/Winter-and-flu-732x447.jpg\" class=\"attachment-blog-post-thumb size-blog-post-thumb wp-post-image\" alt=\"\" srcset=\"https:\/\/dociq.health\/wp-content\/uploads\/2026\/01\/Winter-and-flu-732x447.jpg 732w, https:\/\/dociq.health\/wp-content\/uploads\/2026\/01\/Winter-and-flu-18x12.jpg 18w, https:\/\/dociq.health\/wp-content\/uploads\/2026\/01\/Winter-and-flu-848x518.jpg 848w, https:\/\/dociq.health\/wp-content\/uploads\/2026\/01\/Winter-and-flu-111x69.jpg 111w\" sizes=\"(max-width: 732px) 100vw, 732px\" \/>\t\t\t\t<\/a>\n\t\t\t<\/figure>\n\t\t\t\t\t\t\t\t\t\t<\/div>\n\t\t\t\t\t\t\t<div class=\"text-content clearfix\">\n\t\t\t\t\t\t\t\t<h5 class=\"entry-title\"><a href=\"https:\/\/dociq.health\/en\/hiver-et-grippe\/\"\n\t\t\t\t\t\t\t\t                           rel=\"bookmark\">Winter and flu<\/a><\/h5>\n\t\t\t\t\t\t\t\t\t\t\t\t\t\t\t\t\t<div class=\"entry-meta\">\n\t\t\t\t\t\t\t\t\t\t<time class=\"published updated\"\n\t\t\t\t\t\t\t\t\t\t      datetime=\"2026-01-20T18:05:53+01:00\">20 January, 2026<\/time>\n\t\t\t\t\t\t\t\t\t\t,\n\t\t\t\t\t                    <span class=\"entry-author vcard\">\n\t\t\t\t\t                        by\t\t\t\t\t                        <a class=\"url fn\" href=\"https:\/\/dociq.health\/en\/author\/drkrou\/\" title=\"View all posts by Dr Athanasios Kroustalis\" rel=\"author\">Dr Athanasios Kroustalis<\/a>\t\t\t\t\t                    <\/span>\n\t\t\t\t\t\t\t\t\t<\/div>\n\t\t\t\t\t\t\t\t\t<div class=\"for-border\"><i class=\"fa fa-plus\" aria-hidden=\"true\"><\/i><\/div>\t\t\t\t\t\t\t\t<p class=\"blog-detail\">La grippe est une infection virale aigu\u00eb des voies respiratoires caus\u00e9e par les virus grippaux et qui survient principalement pendant les mois d\u2019hiver. Elle se&hellip; <\/p>\n\t\t\t\t\t\t\t<\/div>\n\t\t\t\t\t\t<\/article>\n\t\t\t\t\t\t<a class=\"read-more\"\n\t\t\t\t\t\t\t     href=\"https:\/\/dociq.health\/en\/hiver-et-grippe\/\">Read More<\/a>\t\t\t\t\t<\/div>\n\t\t\t\t\t\t\t\t\t\t<div class=\"single-post\">\n\t\t\t\t\t\t<article class=\"common-blog-post hentry clearfix\">\n\t\t\t\t\t\t\t<div class=\"thumbnail-area\">\n\t\t\t\t\t\t\t\t\t\t\t<figure>\n\t\t\t\t<a href=\"https:\/\/dociq.health\/en\/how-to-live-a-healthier-life\/\" title=\"COVID Vaccination and Sudden Death: Myths and Facts\">\n\t\t\t\t\t<img loading=\"lazy\" decoding=\"async\" width=\"732\" height=\"447\" src=\"https:\/\/dociq.health\/wp-content\/uploads\/2025\/11\/article-3-732x447.jpg\" class=\"attachment-blog-post-thumb size-blog-post-thumb wp-post-image\" alt=\"\" srcset=\"https:\/\/dociq.health\/wp-content\/uploads\/2025\/11\/article-3-732x447.jpg 732w, https:\/\/dociq.health\/wp-content\/uploads\/2025\/11\/article-3-18x12.jpg 18w, https:\/\/dociq.health\/wp-content\/uploads\/2025\/11\/article-3-848x518.jpg 848w, https:\/\/dociq.health\/wp-content\/uploads\/2025\/11\/article-3-111x69.jpg 111w\" sizes=\"(max-width: 732px) 100vw, 732px\" \/>\t\t\t\t<\/a>\n\t\t\t<\/figure>\n\t\t\t\t\t\t\t\t\t\t<\/div>\n\t\t\t\t\t\t\t<div class=\"text-content clearfix\">\n\t\t\t\t\t\t\t\t<h5 class=\"entry-title\"><a href=\"https:\/\/dociq.health\/en\/how-to-live-a-healthier-life\/\"\n\t\t\t\t\t\t\t\t                           rel=\"bookmark\">COVID Vaccination and Sudden Death: Myths and Facts<\/a><\/h5>\n\t\t\t\t\t\t\t\t\t\t\t\t\t\t\t\t\t<div class=\"entry-meta\">\n\t\t\t\t\t\t\t\t\t\t<time class=\"published updated\"\n\t\t\t\t\t\t\t\t\t\t      datetime=\"2025-11-05T10:47:07+01:00\">5 November, 2025<\/time>\n\t\t\t\t\t\t\t\t\t\t,\n\t\t\t\t\t                    <span class=\"entry-author vcard\">\n\t\t\t\t\t                        by\t\t\t\t\t                        <a class=\"url fn\" href=\"https:\/\/dociq.health\/en\/author\/drkrou\/\" title=\"View all posts by Dr Athanasios Kroustalis\" rel=\"author\">Dr Athanasios Kroustalis<\/a>\t\t\t\t\t                    <\/span>\n\t\t\t\t\t\t\t\t\t<\/div>\n\t\t\t\t\t\t\t\t\t<div class=\"for-border\"><i class=\"fa fa-plus\" aria-hidden=\"true\"><\/i><\/div>\t\t\t\t\t\t\t\t<p class=\"blog-detail\">Vaccination contre la COVID-19 et mort subite : une br\u00e8ve mise au point. La vaccination contre la COVID-19 a suscit\u00e9 de nombreuses interrogations quant \u00e0&hellip; <\/p>\n\t\t\t\t\t\t\t<\/div>\n\t\t\t\t\t\t<\/article>\n\t\t\t\t\t\t<a class=\"read-more\"\n\t\t\t\t\t\t\t     href=\"https:\/\/dociq.health\/en\/how-to-live-a-healthier-life\/\">Read More<\/a>\t\t\t\t\t<\/div>\n\t\t\t\t\t\t<\/div>\n\t\t\t\t\t<\/div>\n\t\t\t\t<\/div>\n\t\t\t\t\t<\/div>\n\t\t<\/div>\n\t\t\t\t\t<\/div>\n\t\t<\/section>\n\t\t\t\t<section class=\"elementor-section elementor-top-section elementor-element elementor-element-2622811 elementor-section-boxed elementor-section-height-default elementor-section-height-default\" data-id=\"2622811\" data-element_type=\"section\" data-e-type=\"section\">\n\t\t\t\t\t\t<div class=\"elementor-container elementor-column-gap-default\">\n\t\t\t\t\t<div class=\"elementor-column elementor-col-100 elementor-top-column elementor-element elementor-element-bac7338\" data-id=\"bac7338\" data-element_type=\"column\" data-e-type=\"column\">\n\t\t\t<div class=\"elementor-widget-wrap elementor-element-populated\">\n\t\t\t\t\t\t<div class=\"elementor-element elementor-element-f49722d elementor-widget elementor-widget-mpea-home-section-header-widget\" data-id=\"f49722d\" data-element_type=\"widget\" data-e-type=\"widget\" data-widget_type=\"mpea-home-section-header-widget.default\">\n\t\t\t\t<div class=\"elementor-widget-container\">\n\t\t\t\t\t\t<div class=\"mpea-section-header\">\n\t\t\t<h2 class=\"translation-block\">What Our <span>Patients Say<\/span><\/h2><p>Real experiences from patients who received professional, clear and trustworthy medical care.<\/p>\t<\/div>\n\t\t\t\t\t<\/div>\n\t\t\t\t<\/div>\n\t\t\t\t<div class=\"elementor-element elementor-element-1e3d7f8 elementor-widget elementor-widget-mpea-home-testimonials-widget\" data-id=\"1e3d7f8\" data-element_type=\"widget\" data-e-type=\"widget\" data-widget_type=\"mpea-home-testimonials-widget.default\">\n\t\t\t\t<div class=\"elementor-widget-container\">\n\t\t\t\t\t\t\t<div class=\"mpea-home-testimonial clearfix\" data-variation=\"classic\">\n\n\t\t\t<div class=\"text-center\">\n\t\t\t\t<div class=\"mpea-testi-flexslider\">\n\t\t\t\t\t<ul class=\"slides\">\n\t\t\t\t\t\t\t\t\t\t\t\t\t\t<li>\n\t\t\t\t\t\t\t\t\t<img loading=\"lazy\" decoding=\"async\" width=\"130\" height=\"130\" src=\"https:\/\/dociq.health\/wp-content\/uploads\/2025\/11\/faf0c294-f5f7-4edd-a156-70881c022f24-130x130.png\" class=\"img-circle wp-post-image\" alt=\"\" srcset=\"https:\/\/dociq.health\/wp-content\/uploads\/2025\/11\/faf0c294-f5f7-4edd-a156-70881c022f24-130x130.png 130w, https:\/\/dociq.health\/wp-content\/uploads\/2025\/11\/faf0c294-f5f7-4edd-a156-70881c022f24-300x300.png 300w, https:\/\/dociq.health\/wp-content\/uploads\/2025\/11\/faf0c294-f5f7-4edd-a156-70881c022f24-150x150.png 150w, https:\/\/dociq.health\/wp-content\/uploads\/2025\/11\/faf0c294-f5f7-4edd-a156-70881c022f24-768x768.png 768w, https:\/\/dociq.health\/wp-content\/uploads\/2025\/11\/faf0c294-f5f7-4edd-a156-70881c022f24-12x12.png 12w, https:\/\/dociq.health\/wp-content\/uploads\/2025\/11\/faf0c294-f5f7-4edd-a156-70881c022f24-732x732.png 732w, https:\/\/dociq.health\/wp-content\/uploads\/2025\/11\/faf0c294-f5f7-4edd-a156-70881c022f24.png 1024w\" sizes=\"(max-width: 130px) 100vw, 130px\" \/>\t\t\t\t\t\t\t\t\t<blockquote>\n\t\t\t\t\t\t\t\t\t\t<p>A very detailed consultation with clear explanations. The doctor answered all my questions patiently and thoroughly.<\/p>\n\t\t\t\t\t\t\t\t\t<\/blockquote>\n\n\t\t\t\t\t\t\t\t\t<div class=\"testimonial-footer clearfix\">\n\t\t\t\t\t\t\t\t\t\t<h3>Jean-Paul Renard<\/h3>\n\t\t\t\t\t\t\t\t\t\t<div class=\"for-border\" aria-hidden=\"true\"><i class=\"fa fa-plus\"><\/i><\/div>\t\t\t\t\t\t\t\t\t\t\t\t\t\t\t\t\t\t\t<\/div>\n\t\t\t\t\t\t\t\t<\/li>\n\t\t\t\t\t\t\t\t\t\t\t\t\t\t\t\t<li>\n\t\t\t\t\t\t\t\t\t<img loading=\"lazy\" decoding=\"async\" width=\"130\" height=\"130\" src=\"https:\/\/dociq.health\/wp-content\/uploads\/2025\/11\/73928495-7a97-4349-9f6e-e0a3a0c021d0-130x130.png\" class=\"img-circle wp-post-image\" alt=\"\" srcset=\"https:\/\/dociq.health\/wp-content\/uploads\/2025\/11\/73928495-7a97-4349-9f6e-e0a3a0c021d0-130x130.png 130w, https:\/\/dociq.health\/wp-content\/uploads\/2025\/11\/73928495-7a97-4349-9f6e-e0a3a0c021d0-300x300.png 300w, https:\/\/dociq.health\/wp-content\/uploads\/2025\/11\/73928495-7a97-4349-9f6e-e0a3a0c021d0-150x150.png 150w, https:\/\/dociq.health\/wp-content\/uploads\/2025\/11\/73928495-7a97-4349-9f6e-e0a3a0c021d0-768x768.png 768w, https:\/\/dociq.health\/wp-content\/uploads\/2025\/11\/73928495-7a97-4349-9f6e-e0a3a0c021d0-12x12.png 12w, https:\/\/dociq.health\/wp-content\/uploads\/2025\/11\/73928495-7a97-4349-9f6e-e0a3a0c021d0-732x732.png 732w, https:\/\/dociq.health\/wp-content\/uploads\/2025\/11\/73928495-7a97-4349-9f6e-e0a3a0c021d0.png 1024w\" sizes=\"(max-width: 130px) 100vw, 130px\" \/>\t\t\t\t\t\t\t\t\t<blockquote>\n\t\t\t\t\t\t\t\t\t\t<p>Thanks to Dr Kroustalis\u2019 guidance, I finally understood how to manage my condition daily. A very human and precise approach.<\/p>\n\t\t\t\t\t\t\t\t\t<\/blockquote>\n\n\t\t\t\t\t\t\t\t\t<div class=\"testimonial-footer clearfix\">\n\t\t\t\t\t\t\t\t\t\t<h3>Elena Martens<\/h3>\n\t\t\t\t\t\t\t\t\t\t<div class=\"for-border\" aria-hidden=\"true\"><i class=\"fa fa-plus\"><\/i><\/div>\t\t\t\t\t\t\t\t\t\t\t\t\t\t\t\t\t\t\t<\/div>\n\t\t\t\t\t\t\t\t<\/li>\n\t\t\t\t\t\t\t\t\t\t\t\t\t\t\t\t<li>\n\t\t\t\t\t\t\t\t\t<img loading=\"lazy\" decoding=\"async\" width=\"130\" height=\"130\" src=\"https:\/\/dociq.health\/wp-content\/uploads\/2014\/05\/ced164f4-de5d-4106-a672-17b3657b1aa0-130x130.png\" class=\"img-circle wp-post-image\" alt=\"\" srcset=\"https:\/\/dociq.health\/wp-content\/uploads\/2014\/05\/ced164f4-de5d-4106-a672-17b3657b1aa0-130x130.png 130w, https:\/\/dociq.health\/wp-content\/uploads\/2014\/05\/ced164f4-de5d-4106-a672-17b3657b1aa0-300x300.png 300w, https:\/\/dociq.health\/wp-content\/uploads\/2014\/05\/ced164f4-de5d-4106-a672-17b3657b1aa0-150x150.png 150w, https:\/\/dociq.health\/wp-content\/uploads\/2014\/05\/ced164f4-de5d-4106-a672-17b3657b1aa0-768x768.png 768w, https:\/\/dociq.health\/wp-content\/uploads\/2014\/05\/ced164f4-de5d-4106-a672-17b3657b1aa0-12x12.png 12w, https:\/\/dociq.health\/wp-content\/uploads\/2014\/05\/ced164f4-de5d-4106-a672-17b3657b1aa0-732x732.png 732w, https:\/\/dociq.health\/wp-content\/uploads\/2014\/05\/ced164f4-de5d-4106-a672-17b3657b1aa0.png 1024w\" sizes=\"(max-width: 130px) 100vw, 130px\" \/>\t\t\t\t\t\t\t\t\t<blockquote>\n\t\t\t\t\t\t\t\t\t\t<p>Dr Kroustalis listened with genuine attention. His explanation of my diagnosis was perfectly clear. I finally felt reassured and understood.<\/p>\n\t\t\t\t\t\t\t\t\t<\/blockquote>\n\n\t\t\t\t\t\t\t\t\t<div class=\"testimonial-footer clearfix\">\n\t\t\t\t\t\t\t\t\t\t<h3>Marie-Louise Verbeek<\/h3>\n\t\t\t\t\t\t\t\t\t\t<div class=\"for-border\" aria-hidden=\"true\"><i class=\"fa fa-plus\"><\/i><\/div>\t\t\t\t\t\t\t\t\t\t\t\t\t\t\t\t\t\t\t<\/div>\n\t\t\t\t\t\t\t\t<\/li>\n\t\t\t\t\t\t\t\t\t\t\t\t\t\t\t\t<li>\n\t\t\t\t\t\t\t\t\t<img loading=\"lazy\" decoding=\"async\" width=\"130\" height=\"130\" src=\"https:\/\/dociq.health\/wp-content\/uploads\/2014\/05\/ab8de336-4e6a-477c-8396-f27340aadd5d-130x130.png\" class=\"img-circle wp-post-image\" alt=\"\" srcset=\"https:\/\/dociq.health\/wp-content\/uploads\/2014\/05\/ab8de336-4e6a-477c-8396-f27340aadd5d-130x130.png 130w, https:\/\/dociq.health\/wp-content\/uploads\/2014\/05\/ab8de336-4e6a-477c-8396-f27340aadd5d-300x300.png 300w, https:\/\/dociq.health\/wp-content\/uploads\/2014\/05\/ab8de336-4e6a-477c-8396-f27340aadd5d-150x150.png 150w, https:\/\/dociq.health\/wp-content\/uploads\/2014\/05\/ab8de336-4e6a-477c-8396-f27340aadd5d-768x768.png 768w, https:\/\/dociq.health\/wp-content\/uploads\/2014\/05\/ab8de336-4e6a-477c-8396-f27340aadd5d-12x12.png 12w, https:\/\/dociq.health\/wp-content\/uploads\/2014\/05\/ab8de336-4e6a-477c-8396-f27340aadd5d-732x732.png 732w, https:\/\/dociq.health\/wp-content\/uploads\/2014\/05\/ab8de336-4e6a-477c-8396-f27340aadd5d.png 1024w\" sizes=\"(max-width: 130px) 100vw, 130px\" \/>\t\t\t\t\t\t\t\t\t<blockquote>\n\t\t\t\t\t\t\t\t\t\t<p>A very professional and structured follow-up. I always received clear and timely answers. Highly recommended.<\/p>\n\t\t\t\t\t\t\t\t\t<\/blockquote>\n\n\t\t\t\t\t\t\t\t\t<div class=\"testimonial-footer clearfix\">\n\t\t\t\t\t\t\t\t\t\t<h3>Thomas De Bruyn<\/h3>\n\t\t\t\t\t\t\t\t\t\t<div class=\"for-border\" aria-hidden=\"true\"><i class=\"fa fa-plus\"><\/i><\/div>\t\t\t\t\t\t\t\t\t\t\t\t\t\t\t\t\t\t\t<\/div>\n\t\t\t\t\t\t\t\t<\/li>\n\t\t\t\t\t\t\t\t\t\t\t\t\t<\/ul>\n\t\t\t\t<\/div>\n\t\t\t<\/div>\n\t\t<\/div>\n\t\t\t\t\t\t<\/div>\n\t\t\t\t<\/div>\n\t\t\t\t\t<\/div>\n\t\t<\/div>\n\t\t\t\t\t<\/div>\n\t\t<\/section>\n\t\t\t\t<\/div>","protected":false},"excerpt":{"rendered":"<p>Aper\u00e7u de nos services m\u00e9dicaux Un r\u00e9sum\u00e9 clair des services essentiels propos\u00e9s pour soutenir votre sant\u00e9 avec pr\u00e9cision. Voir nos services Consultations m\u00e9dicales Diagnostic, conseils et accompagnement personnalis\u00e9. Bilans pr\u00e9ventifs \u00c9valuations pr\u00e9ventives compl\u00e8tes adapt\u00e9es \u00e0 chaque besoin. Deuxi\u00e8me avis m\u00e9dical Analyse ind\u00e9pendante et professionnelle pour des d\u00e9cisions \u00e9clair\u00e9es. Suivi des maladies chroniques Accompagnement structur\u00e9 sur [&hellip;]<\/p>\n","protected":false},"author":1,"featured_media":0,"parent":0,"menu_order":0,"comment_status":"closed","ping_status":"closed","template":"templates\/home.php","meta":{"footnotes":""},"class_list":["post-11","page","type-page","status-publish","hentry","clearfix"],"aioseo_notices":[],"_links":{"self":[{"href":"https:\/\/dociq.health\/en\/wp-json\/wp\/v2\/pages\/11","targetHints":{"allow":["GET"]}}],"collection":[{"href":"https:\/\/dociq.health\/en\/wp-json\/wp\/v2\/pages"}],"about":[{"href":"https:\/\/dociq.health\/en\/wp-json\/wp\/v2\/types\/page"}],"author":[{"embeddable":true,"href":"https:\/\/dociq.health\/en\/wp-json\/wp\/v2\/users\/1"}],"replies":[{"embeddable":true,"href":"https:\/\/dociq.health\/en\/wp-json\/wp\/v2\/comments?post=11"}],"version-history":[{"count":26,"href":"https:\/\/dociq.health\/en\/wp-json\/wp\/v2\/pages\/11\/revisions"}],"predecessor-version":[{"id":6657,"href":"https:\/\/dociq.health\/en\/wp-json\/wp\/v2\/pages\/11\/revisions\/6657"}],"wp:attachment":[{"href":"https:\/\/dociq.health\/en\/wp-json\/wp\/v2\/media?parent=11"}],"curies":[{"name":"wp","href":"https:\/\/api.w.org\/{rel}","templated":true}]}}